{"id":77,"date":"2025-03-07T19:30:28","date_gmt":"2025-03-07T18:30:28","guid":{"rendered":"https:\/\/ajirjmw.cluster021.hosting.ovh.net\/?page_id=77"},"modified":"2025-03-07T19:30:28","modified_gmt":"2025-03-07T18:30:28","slug":"un-peu-dhistoire","status":"publish","type":"page","link":"https:\/\/ajirjm.fr\/index.php\/un-peu-dhistoire\/","title":{"rendered":"Un peu d&rsquo;histoire"},"content":{"rendered":"\n<p>M\u00eame ceux arriv\u00e9s de fraiche date reconnaitrons leur quartier dans ces images du pass\u00e9.<br>C&rsquo;est une des sp\u00e9cificit\u00e9s des Joncs-Marins un tissu urbain qui s&rsquo;est construit sur des bandes mara\u00eech\u00e8res donnant un urbanisme pavillonnaire avec jardin aux rues \u00e9troites qui permet, malheureusement,  aux promoteurs de r\u00e9aliser d&rsquo;importantes op\u00e9rations au d\u00e9triment de l&rsquo;esprit de ce quartier, petite campagne aux bord de paris &#8230;..<br><br><\/p>\n\n\n\n<figure class=\"wp-block-gallery has-nested-images columns-default is-cropped wp-block-gallery-1 is-layout-flex wp-block-gallery-is-layout-flex\">\n<figure class=\"wp-block-image size-large\"><img loading=\"lazy\" decoding=\"async\" width=\"766\" height=\"572\" data-id=\"88\" src=\"https:\/\/ajirjmw.cluster021.hosting.ovh.net\/wp-content\/uploads\/2025\/03\/ue-des-bois-des-joncs-marins4.png\" alt=\"\" class=\"wp-image-88\" srcset=\"https:\/\/ajirjm.fr\/wp-content\/uploads\/2025\/03\/ue-des-bois-des-joncs-marins4.png 766w, https:\/\/ajirjm.fr\/wp-content\/uploads\/2025\/03\/ue-des-bois-des-joncs-marins4-300x224.png 300w\" sizes=\"auto, (max-width: 766px) 100vw, 766px\" \/><\/figure>\n\n\n\n<figure class=\"wp-block-image size-large\"><img loading=\"lazy\" decoding=\"async\" width=\"764\" height=\"572\" data-id=\"87\" src=\"https:\/\/ajirjmw.cluster021.hosting.ovh.net\/wp-content\/uploads\/2025\/03\/ue-des-bois-des-joncs-marins3.png\" alt=\"\" class=\"wp-image-87\" srcset=\"https:\/\/ajirjm.fr\/wp-content\/uploads\/2025\/03\/ue-des-bois-des-joncs-marins3.png 764w, https:\/\/ajirjm.fr\/wp-content\/uploads\/2025\/03\/ue-des-bois-des-joncs-marins3-300x225.png 300w\" sizes=\"auto, (max-width: 764px) 100vw, 764px\" \/><\/figure>\n\n\n\n<figure class=\"wp-block-image size-large\"><img loading=\"lazy\" decoding=\"async\" width=\"945\" height=\"708\" data-id=\"86\" src=\"https:\/\/ajirjmw.cluster021.hosting.ovh.net\/wp-content\/uploads\/2025\/03\/ue-des-bois-des-joncs-marins2.png\" alt=\"\" class=\"wp-image-86\" srcset=\"https:\/\/ajirjm.fr\/wp-content\/uploads\/2025\/03\/ue-des-bois-des-joncs-marins2.png 945w, https:\/\/ajirjm.fr\/wp-content\/uploads\/2025\/03\/ue-des-bois-des-joncs-marins2-300x225.png 300w, https:\/\/ajirjm.fr\/wp-content\/uploads\/2025\/03\/ue-des-bois-des-joncs-marins2-768x575.png 768w\" sizes=\"auto, (max-width: 945px) 100vw, 945px\" \/><\/figure>\n\n\n\n<figure class=\"wp-block-image size-large\"><img loading=\"lazy\" decoding=\"async\" width=\"856\" height=\"641\" data-id=\"85\" src=\"https:\/\/ajirjmw.cluster021.hosting.ovh.net\/wp-content\/uploads\/2025\/03\/ue-des-bois-des-joncs-marins.png\" alt=\"\" class=\"wp-image-85\" srcset=\"https:\/\/ajirjm.fr\/wp-content\/uploads\/2025\/03\/ue-des-bois-des-joncs-marins.png 856w, https:\/\/ajirjm.fr\/wp-content\/uploads\/2025\/03\/ue-des-bois-des-joncs-marins-300x225.png 300w, https:\/\/ajirjm.fr\/wp-content\/uploads\/2025\/03\/ue-des-bois-des-joncs-marins-768x575.png 768w\" sizes=\"auto, (max-width: 856px) 100vw, 856px\" \/><\/figure>\n\n\n\n<figure class=\"wp-block-image size-large\"><img loading=\"lazy\" decoding=\"async\" width=\"945\" height=\"708\" data-id=\"84\" src=\"https:\/\/ajirjmw.cluster021.hosting.ovh.net\/wp-content\/uploads\/2025\/03\/nord.png\" alt=\"\" class=\"wp-image-84\" srcset=\"https:\/\/ajirjm.fr\/wp-content\/uploads\/2025\/03\/nord.png 945w, https:\/\/ajirjm.fr\/wp-content\/uploads\/2025\/03\/nord-300x225.png 300w, https:\/\/ajirjm.fr\/wp-content\/uploads\/2025\/03\/nord-768x575.png 768w\" sizes=\"auto, (max-width: 945px) 100vw, 945px\" \/><\/figure>\n\n\n\n<figure class=\"wp-block-image size-large\"><img loading=\"lazy\" decoding=\"async\" width=\"1024\" height=\"768\" data-id=\"83\" src=\"https:\/\/ajirjmw.cluster021.hosting.ovh.net\/wp-content\/uploads\/2025\/03\/maltourne-1024x768.png\" alt=\"\" class=\"wp-image-83\" srcset=\"https:\/\/ajirjm.fr\/wp-content\/uploads\/2025\/03\/maltourne-1024x768.png 1024w, https:\/\/ajirjm.fr\/wp-content\/uploads\/2025\/03\/maltourne-300x225.png 300w, https:\/\/ajirjm.fr\/wp-content\/uploads\/2025\/03\/maltourne-768x576.png 768w, https:\/\/ajirjm.fr\/wp-content\/uploads\/2025\/03\/maltourne.png 1210w\" sizes=\"auto, (max-width: 1024px) 100vw, 1024px\" \/><\/figure>\n\n\n\n<figure class=\"wp-block-image size-large\"><img loading=\"lazy\" decoding=\"async\" width=\"1024\" height=\"761\" data-id=\"82\" src=\"https:\/\/ajirjmw.cluster021.hosting.ovh.net\/wp-content\/uploads\/2025\/03\/lamartine-1024x761.png\" alt=\"\" class=\"wp-image-82\" srcset=\"https:\/\/ajirjm.fr\/wp-content\/uploads\/2025\/03\/lamartine-1024x761.png 1024w, https:\/\/ajirjm.fr\/wp-content\/uploads\/2025\/03\/lamartine-300x223.png 300w, https:\/\/ajirjm.fr\/wp-content\/uploads\/2025\/03\/lamartine-768x571.png 768w, https:\/\/ajirjm.fr\/wp-content\/uploads\/2025\/03\/lamartine.png 1272w\" sizes=\"auto, (max-width: 1024px) 100vw, 1024px\" \/><\/figure>\n\n\n\n<figure class=\"wp-block-image size-large\"><img loading=\"lazy\" decoding=\"async\" width=\"945\" height=\"708\" data-id=\"81\" src=\"https:\/\/ajirjmw.cluster021.hosting.ovh.net\/wp-content\/uploads\/2025\/03\/jules-ferry.png\" alt=\"\" class=\"wp-image-81\" srcset=\"https:\/\/ajirjm.fr\/wp-content\/uploads\/2025\/03\/jules-ferry.png 945w, https:\/\/ajirjm.fr\/wp-content\/uploads\/2025\/03\/jules-ferry-300x225.png 300w, https:\/\/ajirjm.fr\/wp-content\/uploads\/2025\/03\/jules-ferry-768x575.png 768w\" sizes=\"auto, (max-width: 945px) 100vw, 945px\" \/><\/figure>\n\n\n\n<figure class=\"wp-block-image size-large\"><img loading=\"lazy\" decoding=\"async\" width=\"720\" height=\"539\" data-id=\"80\" src=\"https:\/\/ajirjmw.cluster021.hosting.ovh.net\/wp-content\/uploads\/2025\/03\/eglise.png\" alt=\"\" class=\"wp-image-80\" srcset=\"https:\/\/ajirjm.fr\/wp-content\/uploads\/2025\/03\/eglise.png 720w, https:\/\/ajirjm.fr\/wp-content\/uploads\/2025\/03\/eglise-300x225.png 300w\" sizes=\"auto, (max-width: 720px) 100vw, 720px\" \/><\/figure>\n<\/figure>\n","protected":false},"excerpt":{"rendered":"<p>M\u00eame ceux arriv\u00e9s de fraiche date reconnaitrons leur quartier dans ces images du pass\u00e9.C&rsquo;est une des sp\u00e9cificit\u00e9s des Joncs-Marins un tissu urbain qui s&rsquo;est construit sur des bandes mara\u00eech\u00e8res donnant un urbanisme pavillonnaire avec jardin aux rues \u00e9troites qui permet, &hellip; <a href=\"https:\/\/ajirjm.fr\/index.php\/un-peu-dhistoire\/\">Continuer la lecture <span class=\"meta-nav\">&rarr;<\/span><\/a><\/p>\n","protected":false},"author":1,"featured_media":0,"parent":0,"menu_order":0,"comment_status":"closed","ping_status":"closed","template":"","meta":{"advanced_seo_description":"","jetpack_seo_html_title":"","jetpack_seo_noindex":false,"footnotes":""},"class_list":["post-77","page","type-page","status-publish","hentry"],"jetpack_sharing_enabled":true,"_links":{"self":[{"href":"https:\/\/ajirjm.fr\/index.php\/wp-json\/wp\/v2\/pages\/77","targetHints":{"allow":["GET"]}}],"collection":[{"href":"https:\/\/ajirjm.fr\/index.php\/wp-json\/wp\/v2\/pages"}],"about":[{"href":"https:\/\/ajirjm.fr\/index.php\/wp-json\/wp\/v2\/types\/page"}],"author":[{"embeddable":true,"href":"https:\/\/ajirjm.fr\/index.php\/wp-json\/wp\/v2\/users\/1"}],"replies":[{"embeddable":true,"href":"https:\/\/ajirjm.fr\/index.php\/wp-json\/wp\/v2\/comments?post=77"}],"version-history":[{"count":2,"href":"https:\/\/ajirjm.fr\/index.php\/wp-json\/wp\/v2\/pages\/77\/revisions"}],"predecessor-version":[{"id":89,"href":"https:\/\/ajirjm.fr\/index.php\/wp-json\/wp\/v2\/pages\/77\/revisions\/89"}],"wp:attachment":[{"href":"https:\/\/ajirjm.fr\/index.php\/wp-json\/wp\/v2\/media?parent=77"}],"curies":[{"name":"wp","href":"https:\/\/api.w.org\/{rel}","templated":true}]}}