{"id":66,"date":"2025-03-05T19:15:03","date_gmt":"2025-03-05T18:15:03","guid":{"rendered":"https:\/\/ajirjmw.cluster021.hosting.ovh.net\/?page_id=66"},"modified":"2025-06-27T11:02:43","modified_gmt":"2025-06-27T09:02:43","slug":"la-consultation","status":"publish","type":"page","link":"https:\/\/ajirjm.fr\/index.php\/la-consultation\/","title":{"rendered":"La consultation"},"content":{"rendered":"\r\n<h1 style=\"text-align: center;\">Et vous comment allez vous rentrer chez vous ?<\/h1>\r\n<p style=\"font-weight: 400;\">C\u2019est donc la solution trois qui a obtenu la majorit\u00e9 des voix avec une large majorit\u00e9 de 41,92%<br \/>Cette solution \u00e9tait en effet la moins p\u00e9nalisante pour la majorit\u00e9 des habitants du quartier.<br \/><br \/>Quelques \u00e9l\u00e9ments toutefois :<br \/><br \/>A notre demande nous avons rencontr\u00e9 Vincent BATTAL conseiller municipal de Fontenay le 18 Juin, celui-ci nous a r\u00e9serv\u00e9 un bon accueil et s\u2019est montr\u00e9 impliqu\u00e9 dans la recherche de solutions qui permettraient de ne pas trop aggraver les difficult\u00e9s actuelles. <br \/>Il semblerait que la ville du Perreux s\u2019\u00e9tait engag\u00e9 avec la ville de Fontenay sur un sens unique de la rue du Bois allant du carrefour Lyautey\/Dalid\u00e9 \u00e0 la rue du Bocage ce qui ne correspond pas \u00e0 la proposition 3 de la mairie et provoquera un report de la circulation sur l\u2019Avenue de Neuilly Plaisance, cela reste a v\u00e9rifier.<br \/><br \/>Une p\u00e9tition citoyenne a \u00e9t\u00e9 lanc\u00e9e par des habitants de la rue du bois et de ses abords pour dans le but de s\u2019opposer \u00e0 la solution num\u00e9ro 3 car elle maintient le flux dans leur rue. <br \/><br \/>Si on comprend bien que les nombreux inconv\u00e9nients pour les riverains il ne faut pas perdre de vue que ce report n\u2019a d\u2019autre origine que le choix de la mairie de Fontenay de mettre en sens unique la rue Louis Auroux sans concertation et, apparemment, sans s\u2019\u00eatre r\u00e9ellement pr\u00e9occup\u00e9 avec justesse des reports de circulation. Peut-\u00eatre serait-il plus productif de mettre en en cause la mairie \u00e0 l\u2019origine des troubles, une partie des habitants de la rue du Bois \u00e9tant en plus Fontenaisiens, plut\u00f4t que celle qui non seulement subit les d\u00e9sagr\u00e9ments mais en plus essaye de tenir compte des riverains via une consultation qui, certes bas\u00e9e sur la liste \u00e9lectorale, ne s\u2019adressait qu\u2019\u00e0 ses habitants.<br \/><br \/><br \/>Il n\u2019en reste pas moins qu\u2019une partie des probl\u00e8mes seraient r\u00e9gl\u00e9s en permettant de quitter notre quartier par la rue de la croix d\u2019eau en inversant le sens unique de la rue duCh\u00e2teau de plaisance (\u00a0<a href=\"https:\/\/ajirjm.fr\/index.php\/un-peu-de-logique\/\" target=\"_blank\" rel=\"noopener\">Un peu de logique )<\/a><\/p>\r\n","protected":false},"excerpt":{"rendered":"<p>Et vous comment allez vous rentrer chez vous ? C\u2019est donc la solution trois qui a obtenu la majorit\u00e9 des voix avec une large majorit\u00e9 de 41,92%Cette solution \u00e9tait en effet la moins p\u00e9nalisante pour la majorit\u00e9 des habitants du &hellip; <a href=\"https:\/\/ajirjm.fr\/index.php\/la-consultation\/\">Continuer la lecture <span class=\"meta-nav\">&rarr;<\/span><\/a><\/p>\n","protected":false},"author":1,"featured_media":0,"parent":0,"menu_order":0,"comment_status":"closed","ping_status":"closed","template":"","meta":{"advanced_seo_description":"","jetpack_seo_html_title":"","jetpack_seo_noindex":false,"footnotes":""},"class_list":["post-66","page","type-page","status-publish","hentry"],"jetpack_sharing_enabled":true,"_links":{"self":[{"href":"https:\/\/ajirjm.fr\/index.php\/wp-json\/wp\/v2\/pages\/66","targetHints":{"allow":["GET"]}}],"collection":[{"href":"https:\/\/ajirjm.fr\/index.php\/wp-json\/wp\/v2\/pages"}],"about":[{"href":"https:\/\/ajirjm.fr\/index.php\/wp-json\/wp\/v2\/types\/page"}],"author":[{"embeddable":true,"href":"https:\/\/ajirjm.fr\/index.php\/wp-json\/wp\/v2\/users\/1"}],"replies":[{"embeddable":true,"href":"https:\/\/ajirjm.fr\/index.php\/wp-json\/wp\/v2\/comments?post=66"}],"version-history":[{"count":21,"href":"https:\/\/ajirjm.fr\/index.php\/wp-json\/wp\/v2\/pages\/66\/revisions"}],"predecessor-version":[{"id":182,"href":"https:\/\/ajirjm.fr\/index.php\/wp-json\/wp\/v2\/pages\/66\/revisions\/182"}],"wp:attachment":[{"href":"https:\/\/ajirjm.fr\/index.php\/wp-json\/wp\/v2\/media?parent=66"}],"curies":[{"name":"wp","href":"https:\/\/api.w.org\/{rel}","templated":true}]}}