{"id":48,"date":"2025-03-05T18:05:19","date_gmt":"2025-03-05T17:05:19","guid":{"rendered":"https:\/\/ajirjmw.cluster021.hosting.ovh.net\/?page_id=48"},"modified":"2025-03-13T15:02:19","modified_gmt":"2025-03-13T14:02:19","slug":"pourquoi-une-association","status":"publish","type":"page","link":"https:\/\/ajirjm.fr\/","title":{"rendered":"Pourquoi une association"},"content":{"rendered":"\n<p id=\"block-3062a6a8-4355-4e4d-aebb-737d1290e9c3\">L\u2019Association des Joncs- marins pour l\u2019Int\u00e9r\u00eat des R\u00e9sidents ( AJIR) a pour but de d\u00e9fendre les int\u00e9r\u00eats des r\u00e9sidents des Joncs-Marins, vis-\u00e0-vis des administrations, entreprises publiques ou priv\u00e9es op\u00e9rant dans cette zone g\u00e9ographique&nbsp;&nbsp;.<\/p>\n\n\n\n<p id=\"block-0831cdb4-2850-497e-9227-fd79d09a2bd2\">Elle cherchera a am\u00e9liorer la qualit\u00e9 de vie des habitants des joncs marins en proposant des projets concrets, r\u00e9alistes et r\u00e9alisables a moindre de co\u00fbt pouvant am\u00e9liorer le bien vivre du quartier que ce soit au niveau de la s\u00e9curit\u00e9, de la solidarit\u00e9 et de la convivialit\u00e9.<\/p>\n\n\n\n<p id=\"block-5073eaaa-6d84-4762-9087-efedd46cd223\">A ce titre, l\u2019association pourra aussi contribuer \u00e0 la vie de quartier par exemple au niveau des repas de rue et autres animations.<\/p>\n\n\n\n<p id=\"block-03ad1a3b-f914-4c9c-ac91-aef0da139d36\">Enfin , l\u2019association , totalement apolitique , pourra servir de trait d\u2019union entre les 3 communes , Fontenay s bois, Neuilly- Plaisance et Le Perreux&nbsp;&nbsp;afin de mettre en place un dialogue permanent et constructif.<\/p>\n\n\n<div class=\"wp-block-image\">\n<figure class=\"aligncenter size-large is-resized\"><img loading=\"lazy\" decoding=\"async\" width=\"1024\" height=\"1024\" src=\"https:\/\/ajirjmw.cluster021.hosting.ovh.net\/wp-content\/uploads\/2025\/03\/logo-1024x1024.jpg\" alt=\"\" class=\"wp-image-98\" style=\"width:335px;height:auto\" srcset=\"https:\/\/ajirjm.fr\/wp-content\/uploads\/2025\/03\/logo-1024x1024.jpg 1024w, https:\/\/ajirjm.fr\/wp-content\/uploads\/2025\/03\/logo-300x300.jpg 300w, https:\/\/ajirjm.fr\/wp-content\/uploads\/2025\/03\/logo-150x150.jpg 150w, https:\/\/ajirjm.fr\/wp-content\/uploads\/2025\/03\/logo-768x768.jpg 768w, https:\/\/ajirjm.fr\/wp-content\/uploads\/2025\/03\/logo-1536x1536.jpg 1536w, https:\/\/ajirjm.fr\/wp-content\/uploads\/2025\/03\/logo.jpg 1600w\" sizes=\"auto, (max-width: 1024px) 100vw, 1024px\" \/><\/figure><\/div>","protected":false},"excerpt":{"rendered":"<p>L\u2019Association des Joncs- marins pour l\u2019Int\u00e9r\u00eat des R\u00e9sidents ( AJIR) a pour but de d\u00e9fendre les int\u00e9r\u00eats des r\u00e9sidents des Joncs-Marins, vis-\u00e0-vis des administrations, entreprises publiques ou priv\u00e9es op\u00e9rant dans cette zone g\u00e9ographique&nbsp;&nbsp;. Elle cherchera a am\u00e9liorer la qualit\u00e9 de &hellip; <a href=\"https:\/\/ajirjm.fr\/\">Continuer la lecture <span class=\"meta-nav\">&rarr;<\/span><\/a><\/p>\n","protected":false},"author":1,"featured_media":0,"parent":0,"menu_order":0,"comment_status":"closed","ping_status":"closed","template":"","meta":{"advanced_seo_description":"","jetpack_seo_html_title":"","jetpack_seo_noindex":false,"footnotes":""},"class_list":["post-48","page","type-page","status-publish","hentry"],"jetpack_sharing_enabled":true,"_links":{"self":[{"href":"https:\/\/ajirjm.fr\/index.php\/wp-json\/wp\/v2\/pages\/48","targetHints":{"allow":["GET"]}}],"collection":[{"href":"https:\/\/ajirjm.fr\/index.php\/wp-json\/wp\/v2\/pages"}],"about":[{"href":"https:\/\/ajirjm.fr\/index.php\/wp-json\/wp\/v2\/types\/page"}],"author":[{"embeddable":true,"href":"https:\/\/ajirjm.fr\/index.php\/wp-json\/wp\/v2\/users\/1"}],"replies":[{"embeddable":true,"href":"https:\/\/ajirjm.fr\/index.php\/wp-json\/wp\/v2\/comments?post=48"}],"version-history":[{"count":4,"href":"https:\/\/ajirjm.fr\/index.php\/wp-json\/wp\/v2\/pages\/48\/revisions"}],"predecessor-version":[{"id":102,"href":"https:\/\/ajirjm.fr\/index.php\/wp-json\/wp\/v2\/pages\/48\/revisions\/102"}],"wp:attachment":[{"href":"https:\/\/ajirjm.fr\/index.php\/wp-json\/wp\/v2\/media?parent=48"}],"curies":[{"name":"wp","href":"https:\/\/api.w.org\/{rel}","templated":true}]}}