{"id":45,"date":"2025-03-05T17:59:40","date_gmt":"2025-03-05T16:59:40","guid":{"rendered":"https:\/\/ajirjmw.cluster021.hosting.ovh.net\/?page_id=45"},"modified":"2025-03-05T17:59:40","modified_gmt":"2025-03-05T16:59:40","slug":"le-quartier","status":"publish","type":"page","link":"https:\/\/ajirjm.fr\/index.php\/le-quartier\/","title":{"rendered":"Le quartier"},"content":{"rendered":"\n<p><\/p>\n\n\n\n<p>Le quartier des joncs marins situ\u00e9 est au nord de la commune du Perreux et coup\u00e9 de la ville par l\u2019ex RN34 , qui constitue une\u00a0\u00a0v\u00e9ritable fronti\u00e8re\u00a0\u00a0au sud du quartier, le quartier est par ailleurs\u00a0\u00a0d\u00e9limit\u00e9 au nord par des rues partag\u00e9es avec deux communes , Fontenay et Neuilly Plaisance et pour finir l&rsquo;ouest du quartier est d\u00e9limit\u00e9 par la D86 A et B.<br><\/p>\n\n\n\n<p>Il s\u2019agit d\u2019ailleurs d\u2019une particularit\u00e9 , par rapport au reste du Perreux dont les fronti\u00e8res avec les autres communes sont \u00ab&nbsp;naturelles \u00ab&nbsp; a savoir la marne de l\u2019est au sud et la voie ferr\u00e9e a l\u2019ouest.<\/p>\n\n\n\n<p>Le quartier comprend 5500 habitants dont 60% sont propri\u00e9taires . La densit\u00e9 de population \u00e9tait un peu plus faible au jonc marin que dans le reste du Perreux car la part des maisons est de 50% , soit un ratio plus \u00e9lev\u00e9 que dans le reste de la ville .&nbsp;<\/p>\n\n\n\n<p>Par contre il y a un vrai d\u00e9s\u00e9quilibre au niveau de la localisation des logements sociaux&nbsp;&nbsp;, les joncs marins comprenant 15% de logements sociaux contre 10% au total pour le Perreux.<\/p>\n","protected":false},"excerpt":{"rendered":"<p>Le quartier des joncs marins situ\u00e9 est au nord de la commune du Perreux et coup\u00e9 de la ville par l\u2019ex RN34 , qui constitue une\u00a0\u00a0v\u00e9ritable fronti\u00e8re\u00a0\u00a0au sud du quartier, le quartier est par ailleurs\u00a0\u00a0d\u00e9limit\u00e9 au nord par des rues &hellip; <a href=\"https:\/\/ajirjm.fr\/index.php\/le-quartier\/\">Continuer la lecture <span class=\"meta-nav\">&rarr;<\/span><\/a><\/p>\n","protected":false},"author":1,"featured_media":0,"parent":0,"menu_order":0,"comment_status":"closed","ping_status":"closed","template":"","meta":{"advanced_seo_description":"","jetpack_seo_html_title":"","jetpack_seo_noindex":false,"footnotes":""},"class_list":["post-45","page","type-page","status-publish","hentry"],"jetpack_sharing_enabled":true,"_links":{"self":[{"href":"https:\/\/ajirjm.fr\/index.php\/wp-json\/wp\/v2\/pages\/45","targetHints":{"allow":["GET"]}}],"collection":[{"href":"https:\/\/ajirjm.fr\/index.php\/wp-json\/wp\/v2\/pages"}],"about":[{"href":"https:\/\/ajirjm.fr\/index.php\/wp-json\/wp\/v2\/types\/page"}],"author":[{"embeddable":true,"href":"https:\/\/ajirjm.fr\/index.php\/wp-json\/wp\/v2\/users\/1"}],"replies":[{"embeddable":true,"href":"https:\/\/ajirjm.fr\/index.php\/wp-json\/wp\/v2\/comments?post=45"}],"version-history":[{"count":2,"href":"https:\/\/ajirjm.fr\/index.php\/wp-json\/wp\/v2\/pages\/45\/revisions"}],"predecessor-version":[{"id":47,"href":"https:\/\/ajirjm.fr\/index.php\/wp-json\/wp\/v2\/pages\/45\/revisions\/47"}],"wp:attachment":[{"href":"https:\/\/ajirjm.fr\/index.php\/wp-json\/wp\/v2\/media?parent=45"}],"curies":[{"name":"wp","href":"https:\/\/api.w.org\/{rel}","templated":true}]}}