{"id":159,"date":"2025-05-20T20:01:41","date_gmt":"2025-05-20T18:01:41","guid":{"rendered":"https:\/\/ajirjm.fr\/?page_id=159"},"modified":"2025-05-28T17:44:40","modified_gmt":"2025-05-28T15:44:40","slug":"un-peu-de-logique","status":"publish","type":"page","link":"https:\/\/ajirjm.fr\/index.php\/un-peu-de-logique\/","title":{"rendered":"Un peu de logique"},"content":{"rendered":"<p>Si l&rsquo;id\u00e9e est de \u00ab\u00a0pacifier\u00a0\u00bb la circulation dans notre quartier et de faciliter les d\u00e9placements il existe une solution tr\u00e8s simple qui \u00e0 de multiples avantages :<\/p>\n<ul>\n<li>Elle soulage la rue Pierre Barberet<\/li>\n<li>Elle soulage le Boulevard D&rsquo;Alsace Lorraine<\/li>\n<li>Elle permet de rejoindre l&rsquo;acc\u00e8s \u00e0 l&rsquo;avenue du g\u00e9n\u00e9ral de Gaule en direction de l&rsquo;A86 directement.<\/li>\n<\/ul>\n<p>Elle consiste tout simplement \u00e0 changer le sens de circulation de la rue du Ch\u00e2teau de plaisance entre la rue de l&rsquo;orangerie et la rue de la croix d&rsquo;eau pour remettre la circulation depuis la rue de l&rsquo;orangerie vers la rue de la crois d&rsquo;eau comme c&rsquo;\u00e9tait le cas autrefois.<br \/>\nCette solution est d&rsquo;autant plus pertinente qu&rsquo;un nouvelle imeuble comportant 70 logments \u00a0va totalement changer la physionimie de la rue de la croix d&rsquo;eau<\/p>\n<p><img loading=\"lazy\" decoding=\"async\" class=\"alignnone size-full wp-image-161\" src=\"https:\/\/ajirjm.fr\/wp-content\/uploads\/2025\/05\/ethoop.jpg\" alt=\"\" width=\"690\" height=\"463\" srcset=\"https:\/\/ajirjm.fr\/wp-content\/uploads\/2025\/05\/ethoop.jpg 690w, https:\/\/ajirjm.fr\/wp-content\/uploads\/2025\/05\/ethoop-300x201.jpg 300w\" sizes=\"auto, (max-width: 690px) 100vw, 690px\" \/><\/p>\n","protected":false},"excerpt":{"rendered":"<p>Si l&rsquo;id\u00e9e est de \u00ab\u00a0pacifier\u00a0\u00bb la circulation dans notre quartier et de faciliter les d\u00e9placements il existe une solution tr\u00e8s simple qui \u00e0 de multiples avantages : Elle soulage la rue Pierre Barberet Elle soulage le Boulevard D&rsquo;Alsace Lorraine Elle &hellip; <a href=\"https:\/\/ajirjm.fr\/index.php\/un-peu-de-logique\/\">Continuer la lecture <span class=\"meta-nav\">&rarr;<\/span><\/a><\/p>\n","protected":false},"author":1,"featured_media":0,"parent":0,"menu_order":0,"comment_status":"closed","ping_status":"closed","template":"","meta":{"advanced_seo_description":"","jetpack_seo_html_title":"","jetpack_seo_noindex":false,"footnotes":""},"class_list":["post-159","page","type-page","status-publish","hentry"],"jetpack_sharing_enabled":true,"_links":{"self":[{"href":"https:\/\/ajirjm.fr\/index.php\/wp-json\/wp\/v2\/pages\/159","targetHints":{"allow":["GET"]}}],"collection":[{"href":"https:\/\/ajirjm.fr\/index.php\/wp-json\/wp\/v2\/pages"}],"about":[{"href":"https:\/\/ajirjm.fr\/index.php\/wp-json\/wp\/v2\/types\/page"}],"author":[{"embeddable":true,"href":"https:\/\/ajirjm.fr\/index.php\/wp-json\/wp\/v2\/users\/1"}],"replies":[{"embeddable":true,"href":"https:\/\/ajirjm.fr\/index.php\/wp-json\/wp\/v2\/comments?post=159"}],"version-history":[{"count":4,"href":"https:\/\/ajirjm.fr\/index.php\/wp-json\/wp\/v2\/pages\/159\/revisions"}],"predecessor-version":[{"id":180,"href":"https:\/\/ajirjm.fr\/index.php\/wp-json\/wp\/v2\/pages\/159\/revisions\/180"}],"wp:attachment":[{"href":"https:\/\/ajirjm.fr\/index.php\/wp-json\/wp\/v2\/media?parent=159"}],"curies":[{"name":"wp","href":"https:\/\/api.w.org\/{rel}","templated":true}]}}